{"id":178,"date":"2018-02-21T05:37:30","date_gmt":"2018-02-21T05:37:30","guid":{"rendered":"http:\/\/evamarcuschamer.wsisites.net\/?page_id=178\/"},"modified":"2023-07-03T04:23:55","modified_gmt":"2023-07-03T11:23:55","slug":"testimonios","status":"publish","type":"page","link":"https:\/\/www.evamarcuschamer.com\/es\/testimonios\/","title":{"rendered":"Testimonios"},"content":{"rendered":"<div class=\"glsr glsr-default\" id=\"glsr_296230f5\" data-from=\"block\" data-shortcode=\"site_reviews\" data-hide=\"rating,date,avatar,author\" data-pagination=\"ajax\"><div class=\"glsr-reviews-wrap\">\n    <div class=\"glsr-reviews\">\n        <div class=\"glsr-review\" data-type=\"local\" id=\"review-1171\" data-assigned='[]'>\n    <div class=\"glsr-review-title\"><h4 class=\"glsr-tag-value\">&#8211; gkosifmdur<\/h4><\/div>\n     \n    \n    <div class=\"glsr-review-content\"><div class=\"glsr-tag-value\" data-expanded=\"false\"><p>essay components an essay outline example each paragraph of your media analysis essay should<\/p>\n<p>example exemplification essay https:\/\/essaywriteren.com\/ &#8211; essay writing service toronto<\/p><\/div><\/div>\n      \n    \n<\/div>\n<div class=\"glsr-review\" data-type=\"local\" id=\"review-1060\" data-assigned='[]'>\n    <div class=\"glsr-review-title\"><h4 class=\"glsr-tag-value\">A beacon amidst the tempest<\/h4><\/div>\n     \n    \n    <div class=\"glsr-review-content\"><div class=\"glsr-tag-value\" data-expanded=\"false\"><p class=\"glsr-hidden-text\" data-show-less=\"Mostrar menos\" data-show-more=\"Mostrar m\u00e1s\" data-trigger=\"expand\">Eva, a beacon amidst the tempest, seemed as though God placed her on my path. Throughout nearly a year, she guided me along the tumultuous journey following my divorce. Her unwavering support not only carried me through that difficult situation but also led me to discover profound insights about myself. As a psychotherapist, Eva exudes<span class=\"glsr-hidden\"> directness, depth, and empathy, which have proven invaluable in our therapeutic relationship.<\/span><\/p><\/div><\/div>\n      \n    \n<\/div>\n<div class=\"glsr-review\" data-type=\"local\" id=\"review-947\" data-assigned='[]'>\n    <div class=\"glsr-review-title\"><h4 class=\"glsr-tag-value\">Thanks, Eva!<\/h4><\/div>\n     \n    \n    <div class=\"glsr-review-content\"><div class=\"glsr-tag-value\" data-expanded=\"false\"><p>I&#8217;ve been seeing Eva for almost 3 years already and it&#8217;s been a GREAT experience. She&#8217;s understanding, supportive, and I feel safe and seen with her. I&#8217;m glad we crossed paths because she&#8217;s been an incredible support all around.<\/p><\/div><\/div>\n      \n    \n<\/div>\n<div class=\"glsr-review\" data-type=\"local\" id=\"review-865\" data-assigned='{\"assigned_terms\":[20]}'>\n    <div class=\"glsr-review-title\"><h4 class=\"glsr-tag-value\">Cuando la terapia es necesaria&#8230;aunque no te percates de ellos<\/h4><\/div>\n     \n    \n    <div class=\"glsr-review-content\"><div class=\"glsr-tag-value\" data-expanded=\"false\"><p class=\"glsr-hidden-text\" data-show-less=\"Mostrar menos\" data-show-more=\"Mostrar m\u00e1s\" data-trigger=\"expand\">Fui paciente de Eva hace algunos a\u00f1os, debido a que mi terapeuta de origen se distanci\u00f3 temporalmente de dar consulta, asi que responsablemente, me refiri\u00f3 con Eva. Si bien el inicio con Eva fue un tanto sorpresivo para mi por lo ya relatado, me transform\u00f3 en poco meses sin que siquiera yo me percatara de<span class=\"glsr-hidden\"> ello sino tiempo despues. Eva fue una acompa\u00f1ante emocional en un momento de p\u00e9rdidas y de duelo, una coach que me motiv\u00f3 a encontrar d\u00f3nde poner mi atenci\u00f3n y mi energ\u00eda, cuando estaba dispersa y ni siquiera lo habia notado. Su disciplina, su constante retarme a pensar, a analizarme, a escucharme y entender, hicieron una gran diferencia para bien. Hace un par de a\u00f1os regres\u00e9 para exponerle una situacion delicada con uno de mis hijos y tuvo el tino, primero, de tranquilizarme y volver a ense\u00f1arme que todo va a pasar. Segundo, me refiri\u00f3 en M\u00e9xico con un colega para atencio\u00f1 de mi hijo, lo cual tambien ha hecho una diferencia para bien. No puedo mas que agradecer, seguir cooncidiendo con Eva<\/span><\/p><\/div><\/div>\n      \n    \n<\/div>\n<div class=\"glsr-review\" data-type=\"local\" id=\"review-867\" data-assigned='{\"assigned_terms\":[20]}'>\n    <div class=\"glsr-review-title\"><h4 class=\"glsr-tag-value\">La Mejor!<\/h4><\/div>\n     \n    \n    <div class=\"glsr-review-content\"><div class=\"glsr-tag-value\" data-expanded=\"false\"><p>Gracias al apoyo y gu\u00eda de la Dra Eva, he logrado conocerme m\u00e1s.<\/p>\n<p>Esto me ha ayudado a aceptar muchas situaciones y afrontar la vida con una perspectiva diferente.<\/p><\/div><\/div>\n      \n    \n<\/div>\n    <\/div>\n    <div class=\"glsr-pagination glsr-ajax-pagination\" data-hide=\"rating,date,avatar,author\" data-id=\"glsr_296230f5\" data-pagination=\"ajax\"><div class=\"pagination\">\n    <nav class=\"navigation\" role=\"navigation\">\n        <h2 class=\"screen-reader-text\">Navegaci\u00f3n de las rese\u00f1as del sitio<\/h2>\n        <div class=\"nav-links\">\n            <span class=\"page-numbers current\" aria-current=\"page\" data-page=\"1\"><span class=\"meta-nav screen-reader-text\">P\u00e1gina <\/span>1<\/span>\n<a class=\"page-numbers\" data-page=\"2\" href=\"https:\/\/www.evamarcuschamer.com\/es\/testimonios\/?reviews-page=2\"><span class=\"meta-nav screen-reader-text\">P\u00e1gina <\/span>2<\/a>\n<a class=\"page-numbers\" data-page=\"3\" href=\"https:\/\/www.evamarcuschamer.com\/es\/testimonios\/?reviews-page=3\"><span class=\"meta-nav screen-reader-text\">P\u00e1gina <\/span>3<\/a>\n<span class=\"page-numbers dots\">&hellip;<\/span>\n<a class=\"page-numbers\" data-page=\"6\" href=\"https:\/\/www.evamarcuschamer.com\/es\/testimonios\/?reviews-page=6\"><span class=\"meta-nav screen-reader-text\">P\u00e1gina <\/span>6<\/a>\n<a class=\"page-numbers next\" data-page=\"2\" href=\"https:\/\/www.evamarcuschamer.com\/es\/testimonios\/?reviews-page=2\">Siguiente<\/a>\n        <\/div>\n    <\/nav>\n<\/div><\/div>\n<\/div><\/div>","protected":false},"excerpt":{"rendered":"","protected":false},"author":1,"featured_media":0,"parent":0,"menu_order":0,"comment_status":"closed","ping_status":"closed","template":"review-template.php","meta":{"_acf_changed":false,"_glsr_average":0,"_glsr_ranking":0,"_glsr_reviews":0,"footnotes":""},"categories":[],"tags":[],"class_list":{"0":"post-178","1":"page","2":"type-page","3":"status-publish","5":"entry"},"acf":[],"_links":{"self":[{"href":"https:\/\/www.evamarcuschamer.com\/es\/wp-json\/wp\/v2\/pages\/178","targetHints":{"allow":["GET"]}}],"collection":[{"href":"https:\/\/www.evamarcuschamer.com\/es\/wp-json\/wp\/v2\/pages"}],"about":[{"href":"https:\/\/www.evamarcuschamer.com\/es\/wp-json\/wp\/v2\/types\/page"}],"author":[{"embeddable":true,"href":"https:\/\/www.evamarcuschamer.com\/es\/wp-json\/wp\/v2\/users\/1"}],"replies":[{"embeddable":true,"href":"https:\/\/www.evamarcuschamer.com\/es\/wp-json\/wp\/v2\/comments?post=178"}],"version-history":[{"count":18,"href":"https:\/\/www.evamarcuschamer.com\/es\/wp-json\/wp\/v2\/pages\/178\/revisions"}],"predecessor-version":[{"id":1018,"href":"https:\/\/www.evamarcuschamer.com\/es\/wp-json\/wp\/v2\/pages\/178\/revisions\/1018"}],"wp:attachment":[{"href":"https:\/\/www.evamarcuschamer.com\/es\/wp-json\/wp\/v2\/media?parent=178"}],"wp:term":[{"taxonomy":"category","embeddable":true,"href":"https:\/\/www.evamarcuschamer.com\/es\/wp-json\/wp\/v2\/categories?post=178"},{"taxonomy":"post_tag","embeddable":true,"href":"https:\/\/www.evamarcuschamer.com\/es\/wp-json\/wp\/v2\/tags?post=178"}],"curies":[{"name":"wp","href":"https:\/\/api.w.org\/{rel}","templated":true}]}}