{"id":391,"date":"2018-03-05T08:00:40","date_gmt":"2018-03-05T08:00:40","guid":{"rendered":"http:\/\/evamarcuschamer.wsisites.net\/?page_id=391"},"modified":"2018-06-13T09:49:56","modified_gmt":"2018-06-13T09:49:56","slug":"entrenador-de-maternidad","status":"publish","type":"page","link":"https:\/\/www.evamarcuschamer.com\/es\/entrenador-de-maternidad\/","title":{"rendered":"Entrenador de Maternidad"},"content":{"rendered":"<p>Uno de los retos m\u00e1s grandes para las mam\u00e1s es llevar a sus hijos hacia la independencia y al mismo tiempo transmitirles los valores importantes en la vida, c\u00f3mo lo son el cuidado por s[i mismo, por el ambiente y por los dem\u00e1s. Mi coaching est\u00e1 enfocado en ayudar a tramitar los retos que se presenten y resolverlos en una manera en que no haya conflicto. De forma pr\u00e1ctica que permita ver cambios r\u00e1pidamente. <\/p>\n","protected":false},"excerpt":{"rendered":"<p>Uno de los retos m\u00e1s grandes para las mam\u00e1s es llevar a sus hijos hacia la independencia y al mismo tiempo transmitirles los valores importantes en la vida, c\u00f3mo lo son el cuidado por s[i mismo, por el ambiente y por los dem\u00e1s. Mi coaching est\u00e1 enfocado en ayudar a tramitar los retos que se [&hellip;]<\/p>\n","protected":false},"author":1,"featured_media":0,"parent":0,"menu_order":0,"comment_status":"closed","ping_status":"closed","template":"inside-template.php","meta":{"_acf_changed":false,"_glsr_average":0,"_glsr_ranking":0,"_glsr_reviews":0,"footnotes":""},"categories":[],"tags":[],"class_list":{"0":"post-391","1":"page","2":"type-page","3":"status-publish","5":"entry"},"acf":[],"_links":{"self":[{"href":"https:\/\/www.evamarcuschamer.com\/es\/wp-json\/wp\/v2\/pages\/391","targetHints":{"allow":["GET"]}}],"collection":[{"href":"https:\/\/www.evamarcuschamer.com\/es\/wp-json\/wp\/v2\/pages"}],"about":[{"href":"https:\/\/www.evamarcuschamer.com\/es\/wp-json\/wp\/v2\/types\/page"}],"author":[{"embeddable":true,"href":"https:\/\/www.evamarcuschamer.com\/es\/wp-json\/wp\/v2\/users\/1"}],"replies":[{"embeddable":true,"href":"https:\/\/www.evamarcuschamer.com\/es\/wp-json\/wp\/v2\/comments?post=391"}],"version-history":[{"count":3,"href":"https:\/\/www.evamarcuschamer.com\/es\/wp-json\/wp\/v2\/pages\/391\/revisions"}],"predecessor-version":[{"id":636,"href":"https:\/\/www.evamarcuschamer.com\/es\/wp-json\/wp\/v2\/pages\/391\/revisions\/636"}],"wp:attachment":[{"href":"https:\/\/www.evamarcuschamer.com\/es\/wp-json\/wp\/v2\/media?parent=391"}],"wp:term":[{"taxonomy":"category","embeddable":true,"href":"https:\/\/www.evamarcuschamer.com\/es\/wp-json\/wp\/v2\/categories?post=391"},{"taxonomy":"post_tag","embeddable":true,"href":"https:\/\/www.evamarcuschamer.com\/es\/wp-json\/wp\/v2\/tags?post=391"}],"curies":[{"name":"wp","href":"https:\/\/api.w.org\/{rel}","templated":true}]}}