{"id":851,"date":"2023-05-02T08:54:41","date_gmt":"2023-05-02T15:54:41","guid":{"rendered":"https:\/\/www.evamarcuschamer.com\/reviews-test\/"},"modified":"2023-07-06T02:52:55","modified_gmt":"2023-07-06T09:52:55","slug":"reviews","status":"publish","type":"page","link":"https:\/\/www.evamarcuschamer.com\/es\/reviews\/","title":{"rendered":"Reviews"},"content":{"rendered":"<div class=\"glsr glsr-default\" id=\"glsr_eac0c874\" data-from=\"block\" data-shortcode=\"site_reviews_form\" data-hide=\"rating,terms\"><div class=\"glsr-form-wrap\">\n    <form class=\"glsr-review-form glsr-form\" method=\"post\" enctype=\"multipart\/form-data\">\n        <input type=\"hidden\" name=\"site-reviews[_action]\" value=\"submit-review\" \/>\n<input type=\"hidden\" name=\"site-reviews[_nonce]\" value=\"6ed5c52e1c\" \/>\n<input type=\"hidden\" name=\"site-reviews[_post_id]\" value=\"851\" \/>\n<input type=\"hidden\" name=\"site-reviews[_referer]\" value=\"\" \/>\n<input type=\"hidden\" name=\"site-reviews[assigned_posts]\" value=\"\" \/>\n<input type=\"hidden\" name=\"site-reviews[assigned_terms]\" value=\"\" \/>\n<input type=\"hidden\" name=\"site-reviews[assigned_users]\" value=\"\" \/>\n<input type=\"hidden\" name=\"site-reviews[excluded]\" value=\"rating, terms\" \/>\n<input type=\"hidden\" name=\"site-reviews[form_id]\" value=\"glsr_eac0c874\" \/>\n<input type=\"hidden\" name=\"site-reviews[terms_exist]\" value=\"0\" \/>\n<input type=\"hidden\" name=\"site-reviews[form_signature]\" value=\"W6AGFsciuQKu-lolVBnCrO2J4yppmLz2M2J_CamRZ8wGiAjD_NUjVEhwSxD1PnrnnkMMNZ-y4jcIjCF6xNyRM1HlJ1o2T2hpC-Yg53xvOSDjoaw5jzoikfBsZ08JJgIQeeodiqCDi0w73YRQ-i4qlRls1gs6kPWdtTQ5GgJIK82iN-eLIZUvo2sRGKGbB35xBdIAy0cBqLnOh-LjQ6NzZWi1Jhcq8aRL5rdF92B6ihBavcFCx9Oe82g7jq84yMoYB2v9ZquJQS1d-iUA31qu1db-1aGTgrHqMxzA7u8RpdDdRIPXEzRPDjsRyc-0RsXQIsutr3zSS0KGrLMt66gVzKdXLPDQszhLkpJXOzh9YIEN2lhYuezp1E8r0CEr7I4-5G2L2z8kLbNytpkIx92Yvv9P_oAcu3i0wLp_O99EO5Cb\" \/>\n<div class=\"glsr-field\" style=\"display:none;\"><label for=\"site-reviews-0aae8ad4-glsr_eac0c874\">Tu rese\u00f1a-comentario-opini\u00f3n<\/label><input type=\"text\" class=\"glsr-input glsr-input-text\" id=\"site-reviews-0aae8ad4-glsr_eac0c874\" name=\"site-reviews[0aae8ad4]\" value=\"\" \/><\/div>\n<div class=\"glsr-field glsr-field-text glsr-required\" data-field=\"title\">\n    <label class=\"glsr-label\" for=\"glsr_eac0c874-title\">\n    <span>T\u00edtulo de tu rese\u00f1a-comentario-opini\u00f3n<\/span>\n<\/label>\n    <input type=\"text\" class=\"glsr-input glsr-input-text\" id=\"glsr_eac0c874-title\" name=\"site-reviews[title]\" required placeholder=\"Resume tu rese\u00f1a o resalta un detalle interesante\" value=\"\" \/>\n    <div class=\"glsr-field-error\"><\/div>\n<\/div>\n<div class=\"glsr-field glsr-field-textarea glsr-required\" data-field=\"content\">\n    <label class=\"glsr-label\" for=\"glsr_eac0c874-content\">\n    <span>Tu rese\u00f1a-comentario-opini\u00f3n<\/span>\n<\/label>\n    <textarea class=\"glsr-textarea\" id=\"glsr_eac0c874-content\" name=\"site-reviews[content]\" required placeholder=\"Platicale a la gente tu rese\u00f1a-comentario-opini\u00f3n\" rows=\"5\"><\/textarea>\n    <div class=\"glsr-field-error\"><\/div>\n<\/div>\n<div class=\"glsr-field glsr-field-text glsr-required\" data-field=\"name\">\n    <label class=\"glsr-label\" for=\"glsr_eac0c874-name\">\n    <span>Tu nombre<\/span>\n<\/label>\n    <input type=\"text\" class=\"glsr-input glsr-input-text\" id=\"glsr_eac0c874-name\" name=\"site-reviews[name]\" required placeholder=\"Cu\u00e1l es  tu Nombre\" value=\"\" \/>\n    <div class=\"glsr-field-error\"><\/div>\n<\/div>\n<div class=\"glsr-field glsr-field-email glsr-required\" data-field=\"email\">\n    <label class=\"glsr-label\" for=\"glsr_eac0c874-email\">\n    <span>Correo<\/span>\n<\/label>\n    <input type=\"email\" class=\"glsr-input glsr-input-email\" id=\"glsr_eac0c874-email\" name=\"site-reviews[email]\" required placeholder=\"C\u00faal es tu correo\" value=\"\" \/>\n    <div class=\"glsr-field-error\"><\/div>\n<\/div>\n        <div class=\"glsr-captcha-holder\"><\/div><div class=\"glsr-form-message\">\n    \n<\/div>\n        <div data-field=\"submit-button\">\n    <div class=\"wp-block-buttons is-layout-flex\">\n        <div class=\"wp-block-button\">\n            <button type=\"submit\" class=\"glsr-button wp-block-button__link wp-element-button\" aria-busy=\"false\" data-loading=\"Enviando, por favor espera...\">Enviar una rese\u00f1a<\/button>\n        <\/div>\n    <\/div>\n<\/div>\n    <\/form>\n<\/div><\/div>\n\n\n<div style=\"height:18px\" aria-hidden=\"true\" class=\"wp-block-spacer\"><\/div>\n","protected":false},"excerpt":{"rendered":"","protected":false},"author":1,"featured_media":0,"parent":0,"menu_order":0,"comment_status":"closed","ping_status":"closed","template":"","meta":{"_acf_changed":false,"_glsr_average":0,"_glsr_ranking":0,"_glsr_reviews":0,"footnotes":""},"categories":[],"tags":[],"class_list":{"0":"post-851","1":"page","2":"type-page","3":"status-publish","5":"entry"},"acf":[],"_links":{"self":[{"href":"https:\/\/www.evamarcuschamer.com\/es\/wp-json\/wp\/v2\/pages\/851","targetHints":{"allow":["GET"]}}],"collection":[{"href":"https:\/\/www.evamarcuschamer.com\/es\/wp-json\/wp\/v2\/pages"}],"about":[{"href":"https:\/\/www.evamarcuschamer.com\/es\/wp-json\/wp\/v2\/types\/page"}],"author":[{"embeddable":true,"href":"https:\/\/www.evamarcuschamer.com\/es\/wp-json\/wp\/v2\/users\/1"}],"replies":[{"embeddable":true,"href":"https:\/\/www.evamarcuschamer.com\/es\/wp-json\/wp\/v2\/comments?post=851"}],"version-history":[{"count":33,"href":"https:\/\/www.evamarcuschamer.com\/es\/wp-json\/wp\/v2\/pages\/851\/revisions"}],"predecessor-version":[{"id":1024,"href":"https:\/\/www.evamarcuschamer.com\/es\/wp-json\/wp\/v2\/pages\/851\/revisions\/1024"}],"wp:attachment":[{"href":"https:\/\/www.evamarcuschamer.com\/es\/wp-json\/wp\/v2\/media?parent=851"}],"wp:term":[{"taxonomy":"category","embeddable":true,"href":"https:\/\/www.evamarcuschamer.com\/es\/wp-json\/wp\/v2\/categories?post=851"},{"taxonomy":"post_tag","embeddable":true,"href":"https:\/\/www.evamarcuschamer.com\/es\/wp-json\/wp\/v2\/tags?post=851"}],"curies":[{"name":"wp","href":"https:\/\/api.w.org\/{rel}","templated":true}]}}